{"id":384,"date":"2021-03-20T07:39:13","date_gmt":"2021-03-20T06:39:13","guid":{"rendered":"https:\/\/www.linessence.fr\/?page_id=384"},"modified":"2025-03-04T13:01:10","modified_gmt":"2025-03-04T12:01:10","slug":"contact","status":"publish","type":"page","link":"https:\/\/www.linessence.fr\/index.php\/contact\/","title":{"rendered":"Contact"},"content":{"rendered":"\n\t<section class=\"section has-parallax\" id=\"section_501680360\">\n\t\t<div class=\"bg section-bg fill bg-fill  \" data-parallax-container=\".section\" data-parallax-background data-parallax=\"-5\">\n\n\t\t\t\n\t\t\t<div class=\"section-bg-overlay absolute fill\"><\/div>\n\t\t\t\n\n\t\t<\/div>\n\n\t\t<div class=\"section-content relative\">\n\t\t\t\n\n<div class=\"row row-collapse row-full-width align-middle align-center\"  id=\"row-998164539\">\n\n\n\t<div id=\"col-621280484\" class=\"col medium-12 small-12 large-6\"  data-animate=\"fadeInLeft\">\n\t\t<div class=\"col-inner text-center\"  >\n\t\t\t\n\t\t\t\n\n\t<div id=\"text-3104043197\" class=\"text\">\n\t\t\n\n<div><strong><span style=\"font-size: 140%;\"> \n          \n        Aimi Dorine, th\u00e9rapeuthe <\/span><br \/><\/strong>26 rue Saint Remi<\/div>\n<div>51430 BEZANNES<br \/><br \/>\n<div>T\u00e9l. 06 44 38 03 29<\/div>\n<div><a href=\"mailto:linessence2020@gmail.com\">Email : linessence2020@gmail.com<\/a><\/div>\n<\/div>\n\t\t\n<style>\n#text-3104043197 {\n  font-size: 1.25rem;\n  text-align: center;\n  color: rgb(0,0,0);\n}\n#text-3104043197 > * {\n  color: rgb(0,0,0);\n}\n<\/style>\n\t<\/div>\n\t\n\t<div id=\"gap-1140818565\" class=\"gap-element clearfix\" style=\"display:block; height:auto;\">\n\t\t\n<style>\n#gap-1140818565 {\n  padding-top: 30px;\n}\n<\/style>\n\t<\/div>\n\t\n\n\t<div id=\"gap-888407871\" class=\"gap-element clearfix\" style=\"display:block; height:auto;\">\n\t\t\n<style>\n#gap-888407871 {\n  padding-top: 30px;\n}\n<\/style>\n\t<\/div>\n\t\n\n<a href=\"#C\" target=\"_self\" class=\"button primary\"  >\n    <span>CONTACTEZ MOI<\/span>\n  <\/a>\n\n\n\t<div id=\"gap-831171045\" class=\"gap-element clearfix\" style=\"display:block; height:auto;\">\n\t\t\n<style>\n#gap-831171045 {\n  padding-top: 9px;\n}\n<\/style>\n\t<\/div>\n\t\n\n<a data-animate=\"fadeInLeft\" href=\"https:\/\/www.facebook.com\/profile.php?id=100047671279169\" target=\"_self\" class=\"button primary is-link is-large\"  >\n    <span>Facebook<\/span>\n  <i class=\"icon-facebook\" ><\/i><\/a>\n\n\n<a data-animate=\"fadeInRight\" href=\"https:\/\/www.instagram.com\/linessence2020\/\" target=\"_self\" class=\"button primary is-link is-large\"  >\n    <span>Instagram<\/span>\n  <i class=\"icon-instagram\" ><\/i><\/a>\n\n\n\n\t\t<\/div>\n\t\t\n<style>\n#col-621280484 > .col-inner {\n  padding: 5% 20px 5% 21px;\n}\n<\/style>\n\t<\/div>\n\n\t\n\n\t<div id=\"col-1465941746\" class=\"col medium-10 small-12 large-6\"  >\n\t\t<div class=\"col-inner\"  >\n\t\t\t\n\t\t\t\n\n\t<div class=\"img has-hover hide-for-medium x md-x lg-x y md-y lg-y\" id=\"image_816507086\">\n\t\t\t\t\t\t\t\t<div class=\"img-inner dark\" >\n\t\t\t<img loading=\"lazy\" decoding=\"async\" width=\"1020\" height=\"765\" src=\"https:\/\/www.linessence.fr\/wp-content\/uploads\/2021\/03\/LINESENCE-1024x768.jpg\" class=\"attachment-large size-large\" alt=\"\" srcset=\"https:\/\/www.linessence.fr\/wp-content\/uploads\/2021\/03\/LINESENCE-1024x768.jpg 1024w, https:\/\/www.linessence.fr\/wp-content\/uploads\/2021\/03\/LINESENCE-300x225.jpg 300w, https:\/\/www.linessence.fr\/wp-content\/uploads\/2021\/03\/LINESENCE-768x576.jpg 768w, https:\/\/www.linessence.fr\/wp-content\/uploads\/2021\/03\/LINESENCE-1536x1152.jpg 1536w, https:\/\/www.linessence.fr\/wp-content\/uploads\/2021\/03\/LINESENCE.jpg 2016w\" sizes=\"auto, (max-width: 1020px) 100vw, 1020px\" \/>\t\t\t\t\t\t\n\t\t\t\t\t<\/div>\n\t\t\t\t\t\t\t\t\n<style>\n#image_816507086 {\n  width: 100%;\n}\n@media (min-width:850px) {\n  #image_816507086 {\n    width: 100%;\n  }\n}\n<\/style>\n\t<\/div>\n\t\n\n\n\t\t<\/div>\n\t\t\t<\/div>\n\n\t\n\n<\/div>\n<div class=\"row row-collapse row-full-width align-middle align-center\"  id=\"row-1578663208\">\n\n\n\t<div id=\"col-1761835120\" class=\"col medium-10 small-12 large-6\"  >\n\t\t<div class=\"col-inner\"  >\n\t\t\t\n\t\t\t\n\n\t<div class=\"img has-hover x md-x lg-x y md-y lg-y\" id=\"image_1602129740\">\n\t\t\t\t\t\t\t\t<div class=\"img-inner dark\" >\n\t\t\t<img loading=\"lazy\" decoding=\"async\" width=\"1020\" height=\"765\" src=\"https:\/\/www.linessence.fr\/wp-content\/uploads\/2021\/03\/LINESENCE2-1024x768.jpg\" class=\"attachment-large size-large\" alt=\"\" srcset=\"https:\/\/www.linessence.fr\/wp-content\/uploads\/2021\/03\/LINESENCE2-1024x768.jpg 1024w, https:\/\/www.linessence.fr\/wp-content\/uploads\/2021\/03\/LINESENCE2-300x225.jpg 300w, https:\/\/www.linessence.fr\/wp-content\/uploads\/2021\/03\/LINESENCE2-768x576.jpg 768w, https:\/\/www.linessence.fr\/wp-content\/uploads\/2021\/03\/LINESENCE2-1536x1152.jpg 1536w, https:\/\/www.linessence.fr\/wp-content\/uploads\/2021\/03\/LINESENCE2.jpg 2016w\" sizes=\"auto, (max-width: 1020px) 100vw, 1020px\" \/>\t\t\t\t\t\t\n\t\t\t\t\t<\/div>\n\t\t\t\t\t\t\t\t\n<style>\n#image_1602129740 {\n  width: 100%;\n}\n@media (min-width:850px) {\n  #image_1602129740 {\n    width: 100%;\n  }\n}\n<\/style>\n\t<\/div>\n\t\n\n\n\t\t<\/div>\n\t\t\t<\/div>\n\n\t\n\n\t<div id=\"col-1501347923\" class=\"col medium-12 small-12 large-6\"  data-animate=\"fadeInRight\">\n\t\t<div class=\"col-inner text-center\"  >\n\t\t\t\n\t\t\t\n\n\t<div id=\"text-3804804290\" class=\"text\">\n\t\t\n\n<h1>Horaires d&rsquo;ouverture<\/h1>\n\t\t\n<style>\n#text-3804804290 {\n  font-size: 1.5rem;\n  line-height: 3;\n  color: rgb(227, 52, 139);\n}\n#text-3804804290 > * {\n  color: rgb(227, 52, 139);\n}\n<\/style>\n\t<\/div>\n\t\n<div class=\"is-divider divider clearfix\" ><\/div>\n\n\t<div id=\"text-1653244133\" class=\"text\">\n\t\t\n\n<h3 style=\"text-align: center;\">Semaine impaire<\/h3>\n\t\t\n<style>\n#text-1653244133 {\n  font-size: 1.5rem;\n  line-height: 0.75;\n  text-align: center;\n  color: rgb(227, 52, 139);\n}\n#text-1653244133 > * {\n  color: rgb(227, 52, 139);\n}\n<\/style>\n\t<\/div>\n\t\n\t<div id=\"text-11679318\" class=\"text\">\n\t\t\n\n<p style=\"text-align: center;\"><strong>\u00a0lundi 13h30 \u00e0 16h \/ mardi 9h30 \u00e0 16h <\/strong><br \/><strong>mercredi 9h30 \u00e0 16h \/ jeudi 9h30 \u00e0 16h \/ vendredi 9h30 \u00e0 16h<\/strong><\/p>\n\t\t\n<style>\n#text-11679318 {\n  font-size: 1rem;\n  line-height: 1.75;\n  color: rgb(0, 0, 0);\n}\n#text-11679318 > * {\n  color: rgb(0, 0, 0);\n}\n<\/style>\n\t<\/div>\n\t\n\t<div id=\"text-2946740320\" class=\"text\">\n\t\t\n\n<h3>Semaine paire<\/h3>\n\t\t\n<style>\n#text-2946740320 {\n  font-size: 1.5rem;\n  line-height: 0.75;\n  text-align: center;\n  color: rgb(227, 52, 139);\n}\n#text-2946740320 > * {\n  color: rgb(227, 52, 139);\n}\n<\/style>\n\t<\/div>\n\t\n\t<div id=\"text-2219851289\" class=\"text\">\n\t\t\n\n<p><strong>lundi 9h30 \u00e0 16h \/ mardi 9h30 \u00e0 16h \/ mercredi 9h30 \u00e0 16h <\/strong><br \/><strong>jeudi 9h30 \u00e0 16h \/ vendredi 9h30 \u00e0 11h30 \/ samedi 9h30 \u00e0 16h30<\/strong><\/p>\n<p><span style=\"color: #757575; font-size: 90%;\">Mes horaires sont susceptibles d\u2019\u00eatre modifi\u00e9s<\/span><\/p>\n\t\t\n<style>\n#text-2219851289 {\n  font-size: 1rem;\n  line-height: 1.75;\n  color: rgb(0,0,0);\n}\n#text-2219851289 > * {\n  color: rgb(0,0,0);\n}\n<\/style>\n\t<\/div>\n\t\n\n\t\t<\/div>\n\t\t\n<style>\n#col-1501347923 > .col-inner {\n  padding: 5% 20px 5% 21px;\n}\n<\/style>\n\t<\/div>\n\n\t\n\n<\/div>\n<span class=\"scroll-to\" data-label=\"Scroll to: #C\" data-bullet=\"false\" data-link=\"#C\" data-title=\"Contactez-moi\"><a name=\"C\"><\/a><\/span>\n\n<div class=\"row row-collapse row-full-width\"  id=\"row-1564431092\">\n\n\n\t<div id=\"col-1347560389\" class=\"col medium-12 large-6\"  data-animate=\"fadeInLeft\">\n\t\t<div class=\"col-inner text-center\"  >\n\t\t\t\n\t\t\t\n\n\t<div id=\"gap-304218927\" class=\"gap-element clearfix\" style=\"display:block; height:auto;\">\n\t\t\n<style>\n#gap-304218927 {\n  padding-top: 30px;\n}\n<\/style>\n\t<\/div>\n\t\n\n\t<div id=\"text-3648936255\" class=\"text\">\n\t\t\n\n<h3>Vous avez des questions ?<\/h3>\n\t\t\n<style>\n#text-3648936255 {\n  font-size: 1.75rem;\n  color: #e3348b;\n}\n#text-3648936255 > * {\n  color: #e3348b;\n}\n<\/style>\n\t<\/div>\n\t\n\n<div class=\"wpcf7 no-js\" id=\"wpcf7-f7-o1\" lang=\"fr-FR\" dir=\"ltr\" data-wpcf7-id=\"7\">\n<div class=\"screen-reader-response\"><p role=\"status\" aria-live=\"polite\" aria-atomic=\"true\"><\/p> <ul><\/ul><\/div>\n<form action=\"\/index.php\/wp-json\/wp\/v2\/pages\/384#wpcf7-f7-o1\" method=\"post\" class=\"wpcf7-form init\" aria-label=\"Formulaire de contact\" novalidate=\"novalidate\" data-status=\"init\">\n<fieldset class=\"hidden-fields-container\"><input type=\"hidden\" name=\"_wpcf7\" value=\"7\" \/><input type=\"hidden\" name=\"_wpcf7_version\" value=\"6.1.5\" \/><input type=\"hidden\" name=\"_wpcf7_locale\" value=\"fr_FR\" \/><input type=\"hidden\" name=\"_wpcf7_unit_tag\" value=\"wpcf7-f7-o1\" \/><input type=\"hidden\" name=\"_wpcf7_container_post\" value=\"0\" \/><input type=\"hidden\" name=\"_wpcf7_posted_data_hash\" value=\"\" \/>\n<\/fieldset>\n<p><label> Votre nom (obligatoire)<br \/>\n<span class=\"wpcf7-form-control-wrap\" data-name=\"your-name\"><input size=\"40\" maxlength=\"400\" class=\"wpcf7-form-control wpcf7-text wpcf7-validates-as-required\" aria-required=\"true\" aria-invalid=\"false\" value=\"\" type=\"text\" name=\"your-name\" \/><\/span> <\/label>\n<\/p>\n<p><label> Votre adresse de messagerie (obligatoire)<br \/>\n<span class=\"wpcf7-form-control-wrap\" data-name=\"your-email\"><input size=\"40\" maxlength=\"400\" class=\"wpcf7-form-control wpcf7-email wpcf7-validates-as-required wpcf7-text wpcf7-validates-as-email\" aria-required=\"true\" aria-invalid=\"false\" value=\"\" type=\"email\" name=\"your-email\" \/><\/span> <\/label>\n<\/p>\n<p><label> Objet<br \/>\n<span class=\"wpcf7-form-control-wrap\" data-name=\"your-subject\"><input size=\"40\" maxlength=\"400\" class=\"wpcf7-form-control wpcf7-text\" aria-invalid=\"false\" value=\"\" type=\"text\" name=\"your-subject\" \/><\/span> <\/label>\n<\/p>\n<p><label> Votre message<br \/>\n<span class=\"wpcf7-form-control-wrap\" data-name=\"your-message\"><textarea cols=\"40\" rows=\"10\" maxlength=\"2000\" class=\"wpcf7-form-control wpcf7-textarea\" aria-invalid=\"false\" name=\"your-message\"><\/textarea><\/span> <\/label>\n<\/p>\n<p><span class=\"wpcf7-form-control-wrap\" data-name=\"checkbox-159\"><span class=\"wpcf7-form-control wpcf7-checkbox wpcf7-validates-as-required\"><span class=\"wpcf7-list-item first last\"><input type=\"checkbox\" name=\"checkbox-159[]\" value=\"Jai lu et accepte la politique de confidentialit\u00e9 du site. Je comprends que, lors du transfert des donn\u00e9es via ce formulaire de contact et apr\u00e8s avoir cliqu\u00e9 sur le bouton Envoyer, mes donn\u00e9es personnelles sont transmises au responsable du site uniquement pour permettre \u00e0 ce dernier de me r\u00e9pondre\" \/><span class=\"wpcf7-list-item-label\">Jai lu et accepte la politique de confidentialit\u00e9 du site. Je comprends que, lors du transfert des donn\u00e9es via ce formulaire de contact et apr\u00e8s avoir cliqu\u00e9 sur le bouton Envoyer, mes donn\u00e9es personnelles sont transmises au responsable du site uniquement pour permettre \u00e0 ce dernier de me r\u00e9pondre<\/span><\/span><\/span><\/span>\n<\/p>\n<p><input class=\"wpcf7-form-control wpcf7-submit has-spinner\" type=\"submit\" value=\"Envoyer\" \/>\n<\/p><div class=\"wpcf7-response-output\" aria-hidden=\"true\"><\/div>\n<\/form>\n<\/div>\n\n\n\t<div id=\"gap-226744456\" class=\"gap-element clearfix\" style=\"display:block; height:auto;\">\n\t\t\n<style>\n#gap-226744456 {\n  padding-top: 30px;\n}\n<\/style>\n\t<\/div>\n\t\n\n\t<div id=\"text-2317093158\" class=\"text\">\n\t\t\n\n<h5>Coordonn\u00e9es GPS<\/h5>\n<p><span style=\"color: #000000; font-size: 85%;\">VAT: 49.223087 \/\/ CIF: 3.994593<\/span><\/p>\n\t\t\n<style>\n#text-2317093158 {\n  font-size: 1.5rem;\n  line-height: 0.75;\n  text-align: center;\n  color: #e3348b;\n}\n#text-2317093158 > * {\n  color: #e3348b;\n}\n<\/style>\n\t<\/div>\n\t\n\n\t\t<\/div>\n\t\t\n<style>\n#col-1347560389 > .col-inner {\n  padding: 0px 80px 0px 80px;\n}\n<\/style>\n\t<\/div>\n\n\t\n\n\t<div id=\"col-391768742\" class=\"col medium-12 large-6\"  >\n\t\t<div class=\"col-inner text-center\"  >\n\t\t\t\n\t\t\t\n\n<p><iframe src=\"https:\/\/www.google.com\/maps\/embed?pb=!1m18!1m12!1m3!1d2605.8126801990225!2d3.992808351510066!3d49.223079482811166!2m3!1f0!2f0!3f0!3m2!1i1024!2i768!4f13.1!3m3!1m2!1s0x47e974a28b99657f%3A0x94b77624277a033b!2s26%20Rue%20de%20Saint-R%C3%A9mi%2C%2051430%20Bezannes!5e0!3m2!1sfr!2sfr!4v1616223915311!5m2!1sfr!2sfr\" width=\"100%\" height=\"700\" style=\"border:0;\" allowfullscreen=\"\" loading=\"lazy\"><\/iframe><\/p>\n\n\t\t<\/div>\n\t\t\t<\/div>\n\n\t\n\n<\/div>\n\n\t\t<\/div>\n\n\t\t\n<style>\n#section_501680360 {\n  padding-top: 0px;\n  padding-bottom: 0px;\n  background-color: rgb(255,255,255);\n}\n#section_501680360 .section-bg-overlay {\n  background-color: rgba(255, 255, 255, 0.936);\n}\n#section_501680360 .section-bg.bg-loaded {\n  background-image: url(https:\/\/www.linessence.fr\/wp-content\/uploads\/2021\/03\/FOND_LOGO4-scaled.jpg);\n}\n<\/style>\n\t<\/section>\n\t\n\n","protected":false},"excerpt":{"rendered":"","protected":false},"author":1,"featured_media":0,"parent":0,"menu_order":0,"comment_status":"closed","ping_status":"closed","template":"page-blank.php","meta":{"_seopress_robots_primary_cat":"","_seopress_titles_title":"","_seopress_titles_desc":"","_seopress_robots_index":"","footnotes":""},"class_list":["post-384","page","type-page","status-publish","hentry"],"yoast_head":"<!-- This site is optimized with the Yoast SEO plugin v27.5 - https:\/\/yoast.com\/product\/yoast-seo-wordpress\/ -->\n<title>Contact - Lin&#039;essence<\/title>\n<meta name=\"robots\" content=\"index, follow, max-snippet:-1, max-image-preview:large, max-video-preview:-1\" \/>\n<link rel=\"canonical\" href=\"https:\/\/www.linessence.fr\/index.php\/contact\/\" \/>\n<meta property=\"og:locale\" content=\"fr_FR\" \/>\n<meta property=\"og:type\" content=\"article\" \/>\n<meta property=\"og:title\" content=\"Contact - Lin&#039;essence\" \/>\n<meta property=\"og:url\" content=\"https:\/\/www.linessence.fr\/index.php\/contact\/\" \/>\n<meta property=\"og:site_name\" content=\"Lin&#039;essence\" \/>\n<meta property=\"article:modified_time\" content=\"2025-03-04T12:01:10+00:00\" \/>\n<meta name=\"twitter:card\" content=\"summary_large_image\" \/>\n<script type=\"application\/ld+json\" class=\"yoast-schema-graph\">{\"@context\":\"https:\\\/\\\/schema.org\",\"@graph\":[{\"@type\":\"WebPage\",\"@id\":\"https:\\\/\\\/www.linessence.fr\\\/index.php\\\/contact\\\/\",\"url\":\"https:\\\/\\\/www.linessence.fr\\\/index.php\\\/contact\\\/\",\"name\":\"Contact - Lin&#039;essence\",\"isPartOf\":{\"@id\":\"https:\\\/\\\/www.linessence.fr\\\/#website\"},\"datePublished\":\"2021-03-20T06:39:13+00:00\",\"dateModified\":\"2025-03-04T12:01:10+00:00\",\"breadcrumb\":{\"@id\":\"https:\\\/\\\/www.linessence.fr\\\/index.php\\\/contact\\\/#breadcrumb\"},\"inLanguage\":\"fr-FR\",\"potentialAction\":[{\"@type\":\"ReadAction\",\"target\":[\"https:\\\/\\\/www.linessence.fr\\\/index.php\\\/contact\\\/\"]}]},{\"@type\":\"BreadcrumbList\",\"@id\":\"https:\\\/\\\/www.linessence.fr\\\/index.php\\\/contact\\\/#breadcrumb\",\"itemListElement\":[{\"@type\":\"ListItem\",\"position\":1,\"name\":\"Accueil\",\"item\":\"https:\\\/\\\/www.linessence.fr\\\/\"},{\"@type\":\"ListItem\",\"position\":2,\"name\":\"Contact\"}]},{\"@type\":\"WebSite\",\"@id\":\"https:\\\/\\\/www.linessence.fr\\\/#website\",\"url\":\"https:\\\/\\\/www.linessence.fr\\\/\",\"name\":\"Lin&#039;essence\",\"description\":\"Soin \u00e9nergetique\",\"potentialAction\":[{\"@type\":\"SearchAction\",\"target\":{\"@type\":\"EntryPoint\",\"urlTemplate\":\"https:\\\/\\\/www.linessence.fr\\\/?s={search_term_string}\"},\"query-input\":{\"@type\":\"PropertyValueSpecification\",\"valueRequired\":true,\"valueName\":\"search_term_string\"}}],\"inLanguage\":\"fr-FR\"}]}<\/script>\n<!-- \/ Yoast SEO plugin. -->","yoast_head_json":{"title":"Contact - Lin&#039;essence","robots":{"index":"index","follow":"follow","max-snippet":"max-snippet:-1","max-image-preview":"max-image-preview:large","max-video-preview":"max-video-preview:-1"},"canonical":"https:\/\/www.linessence.fr\/index.php\/contact\/","og_locale":"fr_FR","og_type":"article","og_title":"Contact - Lin&#039;essence","og_url":"https:\/\/www.linessence.fr\/index.php\/contact\/","og_site_name":"Lin&#039;essence","article_modified_time":"2025-03-04T12:01:10+00:00","twitter_card":"summary_large_image","schema":{"@context":"https:\/\/schema.org","@graph":[{"@type":"WebPage","@id":"https:\/\/www.linessence.fr\/index.php\/contact\/","url":"https:\/\/www.linessence.fr\/index.php\/contact\/","name":"Contact - Lin&#039;essence","isPartOf":{"@id":"https:\/\/www.linessence.fr\/#website"},"datePublished":"2021-03-20T06:39:13+00:00","dateModified":"2025-03-04T12:01:10+00:00","breadcrumb":{"@id":"https:\/\/www.linessence.fr\/index.php\/contact\/#breadcrumb"},"inLanguage":"fr-FR","potentialAction":[{"@type":"ReadAction","target":["https:\/\/www.linessence.fr\/index.php\/contact\/"]}]},{"@type":"BreadcrumbList","@id":"https:\/\/www.linessence.fr\/index.php\/contact\/#breadcrumb","itemListElement":[{"@type":"ListItem","position":1,"name":"Accueil","item":"https:\/\/www.linessence.fr\/"},{"@type":"ListItem","position":2,"name":"Contact"}]},{"@type":"WebSite","@id":"https:\/\/www.linessence.fr\/#website","url":"https:\/\/www.linessence.fr\/","name":"Lin&#039;essence","description":"Soin \u00e9nergetique","potentialAction":[{"@type":"SearchAction","target":{"@type":"EntryPoint","urlTemplate":"https:\/\/www.linessence.fr\/?s={search_term_string}"},"query-input":{"@type":"PropertyValueSpecification","valueRequired":true,"valueName":"search_term_string"}}],"inLanguage":"fr-FR"}]}},"_links":{"self":[{"href":"https:\/\/www.linessence.fr\/index.php\/wp-json\/wp\/v2\/pages\/384","targetHints":{"allow":["GET"]}}],"collection":[{"href":"https:\/\/www.linessence.fr\/index.php\/wp-json\/wp\/v2\/pages"}],"about":[{"href":"https:\/\/www.linessence.fr\/index.php\/wp-json\/wp\/v2\/types\/page"}],"author":[{"embeddable":true,"href":"https:\/\/www.linessence.fr\/index.php\/wp-json\/wp\/v2\/users\/1"}],"replies":[{"embeddable":true,"href":"https:\/\/www.linessence.fr\/index.php\/wp-json\/wp\/v2\/comments?post=384"}],"version-history":[{"count":49,"href":"https:\/\/www.linessence.fr\/index.php\/wp-json\/wp\/v2\/pages\/384\/revisions"}],"predecessor-version":[{"id":614,"href":"https:\/\/www.linessence.fr\/index.php\/wp-json\/wp\/v2\/pages\/384\/revisions\/614"}],"wp:attachment":[{"href":"https:\/\/www.linessence.fr\/index.php\/wp-json\/wp\/v2\/media?parent=384"}],"curies":[{"name":"wp","href":"https:\/\/api.w.org\/{rel}","templated":true}]}}